
{"id":587,"date":"2015-10-21T23:22:41","date_gmt":"2015-10-21T21:22:41","guid":{"rendered":"http:\/\/themes.loc\/workscout\/jobs\/"},"modified":"2025-10-14T16:52:37","modified_gmt":"2025-10-14T13:52:37","slug":"parcourir-les-apprentissages","status":"publish","type":"page","link":"https:\/\/platform.qualiteam-project.eu\/fr\/browse-apprenticeships\/","title":{"rendered":"L'apprentissage"},"content":{"rendered":"<div class=\"job_listings\" data-location=\"\" data-keywords=\"\" data-show_filters=\"true\" data-show_pagination=\"true\" data-job_types=\"\" data-featured=\"\" data-filled=\"\" data-remote_position=\"\" data-per_page=\"30\" data-orderby=\"featured\" data-order=\"DESC\" data-list_layout=\"list\" data-categories=\"\" data-disable-form-state-storage=\"\" data-post_id=\"587\" >\n<form class=\"job_filters\" action=\"\">\n\t\n\t<div class=\"search_jobs\">\n\t\t\n\t\t<div class=\"search_keywords\">\n\t\t\t<label for=\"search_keywords\">Mots-cl\u00e9s<\/label>\n\t\t\t<input type=\"text\" name=\"search_keywords\" id=\"search_keywords\" placeholder=\"Mots-cl\u00e9s\" value=\"\" \/>\n\t\t<\/div>\n\n\t\t<div class=\"search_location\">\n\t\t\t<label for=\"search_location\">Localisation<\/label>\n\t\t\t<input type=\"text\" name=\"search_location\" id=\"search_location\" placeholder=\"Localisation\" value=\"\" \/>\n\t\t<\/div>\n\n\t\t\n\t\t<div style=\"clear: both\"><\/div>\n\n\t\t\t\t\t<div class=\"search_categories\">\n\t\t\t\t<label for=\"search_categories\">Cat\u00e9gorie<\/label>\n\t\t\t\t\t\t\t\t\t<select name='search_categories[]' id='search_categories' class='job-manager-category-dropdown' multiple='multiple' data-placeholder='Choisissez une cat\u00e9gorie&hellip;' data-no_results_text='Aucun r\u00e9sultat' data-multiple_text='Choisir une option'>\n\t<option class=\"level-0\" value=\"154\">Commerce<\/option>\n\t<option class=\"level-0\" value=\"160\">\u00c9ducation et formation<\/option>\n\t<option class=\"level-0\" value=\"170\">L'hospitalit\u00e9<\/option>\n\t<option class=\"level-0\" value=\"172\">Recherche et d\u00e9veloppement<\/option>\n\t<option class=\"level-0\" value=\"155\">Tourisme<\/option>\n<\/select>\n\t\t\t\t\t\t\t<\/div>\n\t\t\n\t\t\t\t\t<div class=\"search_submit\">\n\t\t\t\t<input type=\"submit\" value=\"Rechercher des offres d\u2019emploi\">\n\t\t\t<\/div>\n\t\t\n\t\t<div class=\"filter_wide filter_by_tag\">Filtrer par \u00e9tiquette\u00a0: <span class=\"filter_by_tag_cloud\"><\/span><\/div>\t<\/div>\n\n\t\n\t<ul class=\"job_types checkboxes\">\n\t\t\t\t\t<li>\n\t\t\t\t<input type=\"checkbox\" name=\"filter_job_type[]\" value=\"apprenticeship\"  checked='checked' id=\"job_type_apprenticeship\" \/>\n\t\t\t\t<label for=\"job_type_apprenticeship\" class=\"apprenticeship\"> Apprentissage<\/label>\n\t\t\t<\/li>\n\t\t\t\t\t<li>\n\t\t\t\t<input type=\"checkbox\" name=\"filter_job_type[]\" value=\"mobility\"  checked='checked' id=\"job_type_mobility\" \/>\n\t\t\t\t<label for=\"job_type_mobility\" class=\"mobility\"> Mobilit\u00e9<\/label>\n\t\t\t<\/li>\n\t\t\t<\/ul>\n\t<input type=\"hidden\" name=\"filter_job_type[]\" value=\"\" \/>\n<div class=\"showing_jobs\"><\/div><input type=\"hidden\" name=\"trp-form-language\" value=\"fr\"\/><\/form>\n\n\n<noscript>Votre navigateur ne supporte pas JavaScript, ou bien JavaScript est d\u00e9sactiv\u00e9. JavaScript doit \u00eatre activ\u00e9 pour pouvoir visualiser des postes.<\/noscript>\n<ul class=\"job_listings job-list full \tnew-layout\">\n<\/ul>\n<dialog class=\"jm-dialog\" id=\"jm_add_alert_modal\">\n\t<div class=\"jm-dialog-open\">\n\t\t<div class=\"jm-dialog-backdrop\" onclick=\"jm_add_alert_modal.close()\"><\/div>\n\t\t<div class=\"jm-dialog-modal\" style=\"width: 500px;\">\n\t\t\t<div class=\"jm-dialog-modal-container\">\n\t\t\t\t<div class=\"jm-dialog-modal-content\">\n<div class=\"jm-notice has-actions has-header\" role=\"status\">\n\t\t\t<div class=\"jm-notice__header\">\n\t\t\t\t\t\t<div class=\"jm-notice__title\">Ajouter une alerte<\/div>\n\t\t<\/div>\n\t\t\t\t<div\n\t\t\tclass=\"jm-notice__message-wrap\">\n\t\t\t\t\t\t\t\t\t<div\n\t\t\t\tclass=\"jm-notice__message\">Connectez-vous ou cr\u00e9ez un compte pour poursuivre.<\/div>\n\t\t<\/div>\n\t\t\t\t\t<div class=\"jm-notice__footer\">\n\t\t\t<div class=\"jm-ui-actions-row\"><a class=\"jm-ui-button\" href=\"https:\/\/platform.qualiteam-project.eu\/fr\/dashboard-page\/\"><span>Connexion<\/span><\/a><a class=\"jm-ui-button--outline\" href=\"https:\/\/platform.qualiteam-project.eu\/fr\/ied-pla\/?action=register\"><span>Cr\u00e9er un compte<\/span><\/a><\/div>\t\t<\/div>\n\t<\/div>\n<\/div>\n\t\t\t\t<a href=\"#\" role=\"button\" class=\"jm-ui-button--icon jm-dialog-close\" onclick=\"jm_add_alert_modal.close();  event.preventDefault();\" aria-label=\"Close\"><span class=\"jm-ui-button__icon\"><\/span><\/a>\n\t\t\t<\/div>\n\t\t<\/div>\n\t<\/div>\n<\/dialog><\/div>","protected":false},"excerpt":{"rendered":"","protected":false},"author":1,"featured_media":0,"parent":0,"menu_order":0,"comment_status":"closed","ping_status":"closed","template":"","meta":{"footnotes":""},"class_list":["post-587","page","type-page","status-publish","hentry"],"_links":{"self":[{"href":"https:\/\/platform.qualiteam-project.eu\/fr\/wp-json\/wp\/v2\/pages\/587","targetHints":{"allow":["GET"]}}],"collection":[{"href":"https:\/\/platform.qualiteam-project.eu\/fr\/wp-json\/wp\/v2\/pages"}],"about":[{"href":"https:\/\/platform.qualiteam-project.eu\/fr\/wp-json\/wp\/v2\/types\/page"}],"author":[{"embeddable":true,"href":"https:\/\/platform.qualiteam-project.eu\/fr\/wp-json\/wp\/v2\/users\/1"}],"replies":[{"embeddable":true,"href":"https:\/\/platform.qualiteam-project.eu\/fr\/wp-json\/wp\/v2\/comments?post=587"}],"version-history":[{"count":1,"href":"https:\/\/platform.qualiteam-project.eu\/fr\/wp-json\/wp\/v2\/pages\/587\/revisions"}],"predecessor-version":[{"id":1098,"href":"https:\/\/platform.qualiteam-project.eu\/fr\/wp-json\/wp\/v2\/pages\/587\/revisions\/1098"}],"wp:attachment":[{"href":"https:\/\/platform.qualiteam-project.eu\/fr\/wp-json\/wp\/v2\/media?parent=587"}],"curies":[{"name":"wp","href":"https:\/\/api.w.org\/{rel}","templated":true}]}}